{"id":627,"date":"2018-07-31T16:37:42","date_gmt":"2018-07-31T16:37:42","guid":{"rendered":"http:\/\/alexandrasbienenwelt.de\/?page_id=627"},"modified":"2020-09-27T09:31:41","modified_gmt":"2020-09-27T09:31:41","slug":"bienen-erleben-mit-der-kindergartengruppe","status":"publish","type":"page","link":"https:\/\/alexandrasbienenwelt.de\/?page_id=627","title":{"rendered":"Bienen erleben &#8211; mit der Kindergartengruppe"},"content":{"rendered":"\n<p><strong>Mit Vorschulkindern<br>als Ganzjahresprojekt mit dem Maskottchen SummSumm:<br><\/strong><\/p>\n\n\n\n<figure class=\"wp-block-image size-large\"><img loading=\"lazy\" decoding=\"async\" width=\"644\" height=\"483\" src=\"https:\/\/alexandrasbienenwelt.de\/wp-content\/uploads\/2020\/08\/SummSumm-644x483.jpg\" alt=\"\" class=\"wp-image-1133\" srcset=\"https:\/\/alexandrasbienenwelt.de\/wp-content\/uploads\/2020\/08\/SummSumm-644x483.jpg 644w, https:\/\/alexandrasbienenwelt.de\/wp-content\/uploads\/2020\/08\/SummSumm-300x225.jpg 300w, https:\/\/alexandrasbienenwelt.de\/wp-content\/uploads\/2020\/08\/SummSumm-768x576.jpg 768w, https:\/\/alexandrasbienenwelt.de\/wp-content\/uploads\/2020\/08\/SummSumm-1536x1152.jpg 1536w, https:\/\/alexandrasbienenwelt.de\/wp-content\/uploads\/2020\/08\/SummSumm-2048x1536.jpg 2048w\" sizes=\"auto, (max-width: 644px) 100vw, 644px\" \/><\/figure>\n\n\n\n<p><strong>Kindergartenausflug zu den Bienen<\/strong><\/p>\n\n\n\n<p>&#8211; SummSumm kommt in den Kindergarten<br>&#8211; Mit SummSumm an der Landebahn<br>&#8211; SummSumm l\u00e4dt zu sich nach Hause in den Bienenstock ein<\/p>\n\n\n\n<p>Kindergartenausflug zu den Bienen:<br>(Kleine Bienenkunde \u2013 Spiele \u2013Geschichten &#8211; Bienenstock erforschen)<\/p>\n\n\n\n<p><strong>Alle Programme sind abh\u00e4ngig vom Jahreslauf und vom jeweiligen Entwicklungsstand der Bienenv\u00f6lker. Dadurch erwartetet Sie und Ihre Gruppe ein abwechslungsreiches Erlebnis mit vielen \u00dcberraschungen und neuen Entdeckungen.<\/strong><br><strong> Gerne stelle ich f\u00fcr Sie ein individuelles Programm zusammen.<\/strong><\/p>\n\n\n\n<p><a href=\"http:\/\/alexandrasbienenwelt.de\/?page_id=29\">Kontakt: info (at) alexandrasbienenwelt.de<\/a><\/p>\n","protected":false},"excerpt":{"rendered":"<p>Mit Vorschulkindernals Ganzjahresprojekt mit dem Maskottchen SummSumm: Kindergartenausflug zu den Bienen &#8211; SummSumm kommt in den Kindergarten&#8211; Mit SummSumm an der Landebahn&#8211; SummSumm l\u00e4dt zu sich nach Hause in den Bienenstock ein Kindergartenausflug zu den Bienen:(Kleine Bienenkunde \u2013 Spiele \u2013Geschichten &hellip; <a href=\"https:\/\/alexandrasbienenwelt.de\/?page_id=627\">Weiterlesen <span class=\"meta-nav\">&rarr;<\/span><\/a><\/p>\n","protected":false},"author":1,"featured_media":0,"parent":0,"menu_order":0,"comment_status":"closed","ping_status":"closed","template":"","meta":{"footnotes":""},"class_list":["post-627","page","type-page","status-publish","hentry"],"_links":{"self":[{"href":"https:\/\/alexandrasbienenwelt.de\/index.php?rest_route=\/wp\/v2\/pages\/627","targetHints":{"allow":["GET"]}}],"collection":[{"href":"https:\/\/alexandrasbienenwelt.de\/index.php?rest_route=\/wp\/v2\/pages"}],"about":[{"href":"https:\/\/alexandrasbienenwelt.de\/index.php?rest_route=\/wp\/v2\/types\/page"}],"author":[{"embeddable":true,"href":"https:\/\/alexandrasbienenwelt.de\/index.php?rest_route=\/wp\/v2\/users\/1"}],"replies":[{"embeddable":true,"href":"https:\/\/alexandrasbienenwelt.de\/index.php?rest_route=%2Fwp%2Fv2%2Fcomments&post=627"}],"version-history":[{"count":4,"href":"https:\/\/alexandrasbienenwelt.de\/index.php?rest_route=\/wp\/v2\/pages\/627\/revisions"}],"predecessor-version":[{"id":1215,"href":"https:\/\/alexandrasbienenwelt.de\/index.php?rest_route=\/wp\/v2\/pages\/627\/revisions\/1215"}],"wp:attachment":[{"href":"https:\/\/alexandrasbienenwelt.de\/index.php?rest_route=%2Fwp%2Fv2%2Fmedia&parent=627"}],"curies":[{"name":"wp","href":"https:\/\/api.w.org\/{rel}","templated":true}]}}