{"id":598,"date":"2018-07-31T13:35:15","date_gmt":"2018-07-31T13:35:15","guid":{"rendered":"http:\/\/alexandrasbienenwelt.de\/?page_id=598"},"modified":"2026-04-14T18:01:13","modified_gmt":"2026-04-14T18:01:13","slug":"demeter-imkerei-2","status":"publish","type":"page","link":"https:\/\/alexandrasbienenwelt.de\/?page_id=598","title":{"rendered":"Demeter Imkerei"},"content":{"rendered":"\n<p>Seit dem Jahr 2018 ist meine Imkerei demeter zertifiziert.<\/p>\n\n\n\n<p>Das Entscheidende am Honig aus Demeter-Bienenhaltung ist die Art und Weise dieser wesensgem\u00e4\u00dfen Bienenhaltung.<\/p>\n\n\n\n<p>Wesensgem\u00e4\u00dfe Bienenhaltung orientiert sich an den nat\u00fcrlichen Bed\u00fcrfnissen des Bienenvolks. Sie geht von der Erkenntnis aus, dass das Bienenvolk einschlie\u00dflich seiner Waben ein Organismus ist, und respektiert den Bien in der Tradition Rudolf Steiners und Ferdinand Gerstungs als ein Ganzes. Das dr\u00fcckt sich insbesondere in der Wahrung der Integrit\u00e4t des Brutnestes, Naturwabenbau und Vermehrung \u00fcber den Schwarmtrieb aus.<\/p>\n\n\n\n<figure class=\"wp-block-image size-large\"><img loading=\"lazy\" decoding=\"async\" width=\"644\" height=\"911\" src=\"https:\/\/alexandrasbienenwelt.de\/wp-content\/uploads\/2026\/04\/2025-2026-Demeter-Zertifikat-644x911.jpg\" alt=\"\" class=\"wp-image-1466\" srcset=\"https:\/\/alexandrasbienenwelt.de\/wp-content\/uploads\/2026\/04\/2025-2026-Demeter-Zertifikat-644x911.jpg 644w, https:\/\/alexandrasbienenwelt.de\/wp-content\/uploads\/2026\/04\/2025-2026-Demeter-Zertifikat-212x300.jpg 212w, https:\/\/alexandrasbienenwelt.de\/wp-content\/uploads\/2026\/04\/2025-2026-Demeter-Zertifikat-768x1086.jpg 768w, https:\/\/alexandrasbienenwelt.de\/wp-content\/uploads\/2026\/04\/2025-2026-Demeter-Zertifikat-1086x1536.jpg 1086w, https:\/\/alexandrasbienenwelt.de\/wp-content\/uploads\/2026\/04\/2025-2026-Demeter-Zertifikat-1448x2048.jpg 1448w, https:\/\/alexandrasbienenwelt.de\/wp-content\/uploads\/2026\/04\/2025-2026-Demeter-Zertifikat-scaled.jpg 1811w\" sizes=\"auto, (max-width: 644px) 100vw, 644px\" \/><\/figure>\n\n\n\n<div class=\"wp-block-columns is-layout-flex wp-container-core-columns-is-layout-9d6595d7 wp-block-columns-is-layout-flex\">\n<div class=\"wp-block-column is-layout-flow wp-block-column-is-layout-flow\" style=\"flex-basis:100%\">\n<div class=\"wp-block-group\"><div class=\"wp-block-group__inner-container is-layout-constrained wp-block-group-is-layout-constrained\">\n<div class=\"wp-block-group is-nowrap is-layout-flex wp-container-core-group-is-layout-ad2f72ca wp-block-group-is-layout-flex\">\n<figure class=\"wp-block-image size-large\"><img loading=\"lazy\" decoding=\"async\" width=\"644\" height=\"911\" src=\"https:\/\/alexandrasbienenwelt.de\/wp-content\/uploads\/2026\/04\/2026-2027-Biozertifikat-Seite-1-644x911.jpg\" alt=\"\" class=\"wp-image-1463\" srcset=\"https:\/\/alexandrasbienenwelt.de\/wp-content\/uploads\/2026\/04\/2026-2027-Biozertifikat-Seite-1-644x911.jpg 644w, https:\/\/alexandrasbienenwelt.de\/wp-content\/uploads\/2026\/04\/2026-2027-Biozertifikat-Seite-1-212x300.jpg 212w, https:\/\/alexandrasbienenwelt.de\/wp-content\/uploads\/2026\/04\/2026-2027-Biozertifikat-Seite-1-768x1087.jpg 768w, https:\/\/alexandrasbienenwelt.de\/wp-content\/uploads\/2026\/04\/2026-2027-Biozertifikat-Seite-1-1086x1536.jpg 1086w, https:\/\/alexandrasbienenwelt.de\/wp-content\/uploads\/2026\/04\/2026-2027-Biozertifikat-Seite-1-1447x2048.jpg 1447w, https:\/\/alexandrasbienenwelt.de\/wp-content\/uploads\/2026\/04\/2026-2027-Biozertifikat-Seite-1-scaled.jpg 1809w\" sizes=\"auto, (max-width: 644px) 100vw, 644px\" \/><\/figure>\n<\/div>\n<\/div><\/div>\n\n\n\n<figure class=\"wp-block-image size-large\"><img loading=\"lazy\" decoding=\"async\" width=\"644\" height=\"911\" src=\"https:\/\/alexandrasbienenwelt.de\/wp-content\/uploads\/2026\/04\/2026-2027-Biozertifikat-Seite-2-644x911.jpg\" alt=\"\" class=\"wp-image-1464\" srcset=\"https:\/\/alexandrasbienenwelt.de\/wp-content\/uploads\/2026\/04\/2026-2027-Biozertifikat-Seite-2-644x911.jpg 644w, https:\/\/alexandrasbienenwelt.de\/wp-content\/uploads\/2026\/04\/2026-2027-Biozertifikat-Seite-2-212x300.jpg 212w, https:\/\/alexandrasbienenwelt.de\/wp-content\/uploads\/2026\/04\/2026-2027-Biozertifikat-Seite-2-768x1087.jpg 768w, https:\/\/alexandrasbienenwelt.de\/wp-content\/uploads\/2026\/04\/2026-2027-Biozertifikat-Seite-2-1086x1536.jpg 1086w, https:\/\/alexandrasbienenwelt.de\/wp-content\/uploads\/2026\/04\/2026-2027-Biozertifikat-Seite-2-1447x2048.jpg 1447w, https:\/\/alexandrasbienenwelt.de\/wp-content\/uploads\/2026\/04\/2026-2027-Biozertifikat-Seite-2-scaled.jpg 1809w\" sizes=\"auto, (max-width: 644px) 100vw, 644px\" \/><\/figure>\n<\/div>\n<\/div>\n\n\n\n<p>Mit einem Klick auf das demeter Logo geht die Seite des demeter-Verbands \u00fcber die Richtlinien auf.<\/p>\n\n\n<div class=\"wp-block-image\">\n<figure class=\"aligncenter size-large is-resized\"><img loading=\"lazy\" decoding=\"async\" width=\"644\" height=\"297\" src=\"https:\/\/alexandrasbienenwelt.de\/wp-content\/uploads\/2020\/08\/Demeter_RGB-644x297.jpg\" alt=\"\" class=\"wp-image-1117\" style=\"width:322px;height:149px\" srcset=\"https:\/\/alexandrasbienenwelt.de\/wp-content\/uploads\/2020\/08\/Demeter_RGB-644x297.jpg 644w, https:\/\/alexandrasbienenwelt.de\/wp-content\/uploads\/2020\/08\/Demeter_RGB-300x138.jpg 300w, https:\/\/alexandrasbienenwelt.de\/wp-content\/uploads\/2020\/08\/Demeter_RGB-768x354.jpg 768w, https:\/\/alexandrasbienenwelt.de\/wp-content\/uploads\/2020\/08\/Demeter_RGB.jpg 827w\" sizes=\"auto, (max-width: 644px) 100vw, 644px\" \/><\/figure>\n<\/div>\n\n\n<p><a href=\"https:\/\/alexandrasbienenwelt.de\/?page_id=13\" target=\"_blank\" rel=\"noreferrer noopener\">\u00dcberzeugen Sie sich bei einem Besuch in ALEXANDRAs BIENENWELT davon, was wesensgem\u00e4\u00dfe Bienenhaltung konkret bedeutet. Auf Ihren Besuch freue ich mich!<\/a><\/p>\n\n\n<div class=\"wp-block-image\">\n<figure class=\"aligncenter size-large is-resized\"><a href=\"https:\/\/alexandrasbienenwelt.de\/?page_id=13\" target=\"_blank\" rel=\"noopener noreferrer\"><img loading=\"lazy\" decoding=\"async\" width=\"644\" height=\"610\" src=\"https:\/\/alexandrasbienenwelt.de\/wp-content\/uploads\/2020\/08\/LOGO_fini-freigestellt-Kopie-644x610.jpg\" alt=\"\" class=\"wp-image-1119\" style=\"width:161px;height:153px\" srcset=\"https:\/\/alexandrasbienenwelt.de\/wp-content\/uploads\/2020\/08\/LOGO_fini-freigestellt-Kopie-644x610.jpg 644w, https:\/\/alexandrasbienenwelt.de\/wp-content\/uploads\/2020\/08\/LOGO_fini-freigestellt-Kopie-300x284.jpg 300w, https:\/\/alexandrasbienenwelt.de\/wp-content\/uploads\/2020\/08\/LOGO_fini-freigestellt-Kopie-768x728.jpg 768w, https:\/\/alexandrasbienenwelt.de\/wp-content\/uploads\/2020\/08\/LOGO_fini-freigestellt-Kopie.jpg 975w\" sizes=\"auto, (max-width: 644px) 100vw, 644px\" \/><\/a><\/figure>\n<\/div>\n\n\n<p><\/p>\n","protected":false},"excerpt":{"rendered":"<p>Seit dem Jahr 2018 ist meine Imkerei demeter zertifiziert. Das Entscheidende am Honig aus Demeter-Bienenhaltung ist die Art und Weise dieser wesensgem\u00e4\u00dfen Bienenhaltung. Wesensgem\u00e4\u00dfe Bienenhaltung orientiert sich an den nat\u00fcrlichen Bed\u00fcrfnissen des Bienenvolks. Sie geht von der Erkenntnis aus, dass &hellip; <a href=\"https:\/\/alexandrasbienenwelt.de\/?page_id=598\">Weiterlesen <span class=\"meta-nav\">&rarr;<\/span><\/a><\/p>\n","protected":false},"author":1,"featured_media":0,"parent":0,"menu_order":0,"comment_status":"closed","ping_status":"closed","template":"","meta":{"footnotes":""},"class_list":["post-598","page","type-page","status-publish","hentry"],"_links":{"self":[{"href":"https:\/\/alexandrasbienenwelt.de\/index.php?rest_route=\/wp\/v2\/pages\/598","targetHints":{"allow":["GET"]}}],"collection":[{"href":"https:\/\/alexandrasbienenwelt.de\/index.php?rest_route=\/wp\/v2\/pages"}],"about":[{"href":"https:\/\/alexandrasbienenwelt.de\/index.php?rest_route=\/wp\/v2\/types\/page"}],"author":[{"embeddable":true,"href":"https:\/\/alexandrasbienenwelt.de\/index.php?rest_route=\/wp\/v2\/users\/1"}],"replies":[{"embeddable":true,"href":"https:\/\/alexandrasbienenwelt.de\/index.php?rest_route=%2Fwp%2Fv2%2Fcomments&post=598"}],"version-history":[{"count":18,"href":"https:\/\/alexandrasbienenwelt.de\/index.php?rest_route=\/wp\/v2\/pages\/598\/revisions"}],"predecessor-version":[{"id":1467,"href":"https:\/\/alexandrasbienenwelt.de\/index.php?rest_route=\/wp\/v2\/pages\/598\/revisions\/1467"}],"wp:attachment":[{"href":"https:\/\/alexandrasbienenwelt.de\/index.php?rest_route=%2Fwp%2Fv2%2Fmedia&parent=598"}],"curies":[{"name":"wp","href":"https:\/\/api.w.org\/{rel}","templated":true}]}}