{"id":433,"date":"2017-10-06T12:53:13","date_gmt":"2017-10-06T12:53:13","guid":{"rendered":"http:\/\/alexandrasbienenwelt.de\/?page_id=433"},"modified":"2020-08-23T18:26:19","modified_gmt":"2020-08-23T18:26:19","slug":"naturpaedagogik","status":"publish","type":"page","link":"https:\/\/alexandrasbienenwelt.de\/?page_id=433","title":{"rendered":"Naturp\u00e4dagogik \/ BNE"},"content":{"rendered":"<p><strong>Bienen sind Teil der uns umgebenden Natur &#8211; zu ihrer und unserer Welt geh\u00f6rt noch viel mehr dazu!<\/strong><\/p>\n<p>Diese Natur in ihrer Vielfalt mit allen Sinnen wahrzunehmen, daf\u00fcr gibt es zahlreiche naturp\u00e4dagogische Angebote.<\/p>\n<p>Unter anderem leite ich als <a href=\"https:\/\/blattwerk-natur.de\/\" target=\"_blank\" rel=\"noopener noreferrer\">zertifizierte Naturp\u00e4dagogin (<\/a><a href=\"https:\/\/blattwerk-natur.de\/\" target=\"_blank\" rel=\"noopener noreferrer\">Blattwerk, Berlin<\/a>) die Waldschule im Rahmen der <a href=\"http:\/\/www.gsstg.de\" target=\"_blank\" rel=\"noopener noreferrer\">Offenen Ganztagsschule der Grundschule Bayreuth St. Georgen<\/a> sowie die Klimawerkstatttage am Bauwagen im Schulgarten der Grundschule Bayreuth St. Georgen.<\/p>\n<p>Dar\u00fcber hinaus biete ich Gruppenangebote f\u00fcr Kinder, Jugendliche und Erwachsene an.<\/p>\n<p>Vom Kochen und Backen mit heimischen Kr\u00e4utern und Pflanzen \u00fcber Lagerfeuer bis zum Kindergeburtstag im Gr\u00fcnen.<\/p>\n<p>Alle diese Gruppenangebote k\u00f6nnen individuell vereinbart werden.<\/p>\n<p>Dar\u00fcber hinaus habe ich die Weiterbildung Umweltbildung \/ Bildung f\u00fcr Nachhaltige Entwicklung mit einem Zertifikat des Bayrischen Umweltministeriums abgeschlossen. Gerne entwickle ich mit Ihnen Programme f\u00fcr Ihre Einrichtung zum Themenspektrum der Sustainable Development Goals der Vereinten Nationen.<\/p>\n\n\n<div class=\"wp-block-image\"><figure class=\"alignleft size-large is-resized\"><img loading=\"lazy\" decoding=\"async\" src=\"https:\/\/alexandrasbienenwelt.de\/wp-content\/uploads\/2020\/08\/Alexandra-Lippert-Zertifikat-WBU-644x966.jpg\" alt=\"\" class=\"wp-image-1113\" width=\"161\" height=\"242\" srcset=\"https:\/\/alexandrasbienenwelt.de\/wp-content\/uploads\/2020\/08\/Alexandra-Lippert-Zertifikat-WBU-644x966.jpg 644w, https:\/\/alexandrasbienenwelt.de\/wp-content\/uploads\/2020\/08\/Alexandra-Lippert-Zertifikat-WBU-200x300.jpg 200w, https:\/\/alexandrasbienenwelt.de\/wp-content\/uploads\/2020\/08\/Alexandra-Lippert-Zertifikat-WBU-768x1152.jpg 768w, https:\/\/alexandrasbienenwelt.de\/wp-content\/uploads\/2020\/08\/Alexandra-Lippert-Zertifikat-WBU-1024x1536.jpg 1024w, https:\/\/alexandrasbienenwelt.de\/wp-content\/uploads\/2020\/08\/Alexandra-Lippert-Zertifikat-WBU-1365x2048.jpg 1365w, https:\/\/alexandrasbienenwelt.de\/wp-content\/uploads\/2020\/08\/Alexandra-Lippert-Zertifikat-WBU-scaled.jpg 1707w\" sizes=\"auto, (max-width: 161px) 100vw, 161px\" \/><\/figure><\/div>\n\n\n\n<p><\/p>\n\n\n\n<p><\/p>\n\n\n\n<p>Kurse vereinbaren: info (at) alexandrasbienenwelt.de<\/p>\n","protected":false},"excerpt":{"rendered":"<p>Bienen sind Teil der uns umgebenden Natur &#8211; zu ihrer und unserer Welt geh\u00f6rt noch viel mehr dazu! Diese Natur in ihrer Vielfalt mit allen Sinnen wahrzunehmen, daf\u00fcr gibt es zahlreiche naturp\u00e4dagogische Angebote. Unter anderem leite ich als zertifizierte Naturp\u00e4dagogin &hellip; <a href=\"https:\/\/alexandrasbienenwelt.de\/?page_id=433\">Weiterlesen <span class=\"meta-nav\">&rarr;<\/span><\/a><\/p>\n","protected":false},"author":1,"featured_media":1112,"parent":0,"menu_order":0,"comment_status":"closed","ping_status":"closed","template":"","meta":{"footnotes":""},"class_list":["post-433","page","type-page","status-publish","has-post-thumbnail","hentry"],"_links":{"self":[{"href":"https:\/\/alexandrasbienenwelt.de\/index.php?rest_route=\/wp\/v2\/pages\/433","targetHints":{"allow":["GET"]}}],"collection":[{"href":"https:\/\/alexandrasbienenwelt.de\/index.php?rest_route=\/wp\/v2\/pages"}],"about":[{"href":"https:\/\/alexandrasbienenwelt.de\/index.php?rest_route=\/wp\/v2\/types\/page"}],"author":[{"embeddable":true,"href":"https:\/\/alexandrasbienenwelt.de\/index.php?rest_route=\/wp\/v2\/users\/1"}],"replies":[{"embeddable":true,"href":"https:\/\/alexandrasbienenwelt.de\/index.php?rest_route=%2Fwp%2Fv2%2Fcomments&post=433"}],"version-history":[{"count":10,"href":"https:\/\/alexandrasbienenwelt.de\/index.php?rest_route=\/wp\/v2\/pages\/433\/revisions"}],"predecessor-version":[{"id":1116,"href":"https:\/\/alexandrasbienenwelt.de\/index.php?rest_route=\/wp\/v2\/pages\/433\/revisions\/1116"}],"wp:featuredmedia":[{"embeddable":true,"href":"https:\/\/alexandrasbienenwelt.de\/index.php?rest_route=\/wp\/v2\/media\/1112"}],"wp:attachment":[{"href":"https:\/\/alexandrasbienenwelt.de\/index.php?rest_route=%2Fwp%2Fv2%2Fmedia&parent=433"}],"curies":[{"name":"wp","href":"https:\/\/api.w.org\/{rel}","templated":true}]}}