{"id":15,"date":"2016-08-12T05:44:20","date_gmt":"2016-08-12T05:44:20","guid":{"rendered":"http:\/\/alexandrasbienenwelt.de\/?page_id=15"},"modified":"2020-09-08T10:10:34","modified_gmt":"2020-09-08T10:10:34","slug":"mit-bienen-leben","status":"publish","type":"page","link":"https:\/\/alexandrasbienenwelt.de\/?page_id=15","title":{"rendered":"Mit Bienen leben"},"content":{"rendered":"\n<div class=\"wp-block-group\"><div class=\"wp-block-group__inner-container is-layout-flow wp-block-group-is-layout-flow\">\n<p><strong>Mit Bienen leben &#8211; meine Imkerei<\/strong><\/p>\n\n\n\n<p>In meinem Umgang mit den Bienen bem\u00fche ich mich um eine wesensgem\u00e4\u00dfe Bienenhaltung.<br>Das bedeutet neben Naturwabenbau in einem gro\u00dfen ungeteilten Brutraum und Schwarmvermehrung einen respektvollen Umgang mit dem Wesen \u201eBien\u201c in seiner Gesamtheit.<\/p>\n\n\n\n<p>Meine Standimkerei befindet sich am Oschenberg in Bayreuth, im Klimawerkstatt-Schulgarten der Grundschule St. Georgen, auf dem Solawi-Biohof Minier in Untersteinach, in der Wilhelminenaue und beim Stadtgartenamt in Bayreuth. <\/p>\n\n\n\n<p>Die Bienen leben in K\u00e4sten aus Holz im Ma\u00df DN 1,5 <\/p>\n\n\n\n<figure class=\"wp-block-image size-thumbnail\"><img loading=\"lazy\" decoding=\"async\" width=\"150\" height=\"150\" src=\"https:\/\/alexandrasbienenwelt.de\/wp-content\/uploads\/2020\/08\/2017-Schule-1-150x150.jpeg\" alt=\"\" class=\"wp-image-1131\"\/><\/figure>\n\n\n\n<p> und in der Mellifera-Einraumbeute <\/p>\n\n\n\n<figure class=\"wp-block-image size-thumbnail\"><img loading=\"lazy\" decoding=\"async\" width=\"150\" height=\"150\" src=\"https:\/\/alexandrasbienenwelt.de\/wp-content\/uploads\/2020\/08\/ERB-150x150.jpg\" alt=\"\" class=\"wp-image-1174\"\/><\/figure>\n\n\n\n<p>sowie in der Bienenkiste.<\/p>\n\n\n\n<figure class=\"wp-block-image size-thumbnail\"><img loading=\"lazy\" decoding=\"async\" width=\"150\" height=\"150\" src=\"https:\/\/alexandrasbienenwelt.de\/wp-content\/uploads\/2020\/08\/20190603_100308-150x150.jpg\" alt=\"\" class=\"wp-image-1170\"\/><\/figure>\n\n\n\n<p>Meine Bienenhaltung ist zertifiziert nach den Richtlinien des <a href=\"http:\/\/alexandrasbienenwelt.de\/?page_id=598\">Demeter-Verbands <\/a>und erf\u00fcllt auch die Standards der EU-\u00d6koverordnung.<\/p>\n\n\n\n<p>Wer sich gerne selbst von meiner Art und Weise Bienen zu halten \u00fcberzeugen m\u00f6chte, ist herzlich eingeladen an einen meiner Bienenst\u00e4nde mitzukommen. Dies kann zum Beispiel im Rahmen des Imkerkurses oder im Rahmen eines Schulklassenprogramms oder zusammen mit Geburtstagsg\u00e4sten erfolgen. Angebote dazu finden Sie unter <a href=\"http:\/\/alexandrasbienenwelt.de\/?page_id=13\">Bienen erleben<\/a>. Sprechen Sie mich bei Interesse gerne an!<\/p>\n<\/div><\/div>\n\n\n\n<p><strong><a href=\"https:\/\/alexandrasbienenwelt.de\/?page_id=613\">Bienen erleben &#8211; Mit Bienen leben?<\/a><\/strong> &#8211; Kurse zur (wesensgem\u00e4\u00dfen) Bienenhaltung in ALEXANDRAs BIENENWELT <\/p>\n\n\n\n<p>Mitgliedschaften \/ Mitarbeit:<br>Klimawerkstatt der <a rel=\"noreferrer noopener\" href=\"http:\/\/www.gsstg.de\" target=\"_blank\">Grundschule Bayreuth St. Georgen<\/a><br>Leitung Waldschule im Rahmen der Offenen Ganztagsschule in der <a rel=\"noreferrer noopener\" href=\"http:\/\/www.gsstg.de\" target=\"_blank\">Grundschule St. Georgen<\/a><br><a rel=\"noreferrer noopener\" href=\"http:\/\/www.mellifera.de\" target=\"_blank\">Mellifera e.V. \u2013 Initiativen f\u00fcr Biene, Mensch, Natur<\/a><br><a rel=\"noreferrer noopener\" href=\"http:\/\/www.bienen-schule.de\" target=\"_blank\">Netzwerk \u201eBienen-machen-Schule\u201c<\/a><br><a rel=\"noreferrer noopener\" href=\"https:\/\/www.umweltbildung.de\/\" target=\"_blank\">ANU &#8211; Arbeitsgemeinschaft Natur und Umweltbildung<\/a><br>Regionalgruppe \u201eBienenschw\u00e4rmer Fr\u00e4nkische Schweiz\u201c<br>Imkerverein Aufse\u00df und Umgebung<\/p>\n","protected":false},"excerpt":{"rendered":"<p>Mit Bienen leben &#8211; meine Imkerei In meinem Umgang mit den Bienen bem\u00fche ich mich um eine wesensgem\u00e4\u00dfe Bienenhaltung.Das bedeutet neben Naturwabenbau in einem gro\u00dfen ungeteilten Brutraum und Schwarmvermehrung einen respektvollen Umgang mit dem Wesen \u201eBien\u201c in seiner Gesamtheit. Meine &hellip; <a href=\"https:\/\/alexandrasbienenwelt.de\/?page_id=15\">Weiterlesen <span class=\"meta-nav\">&rarr;<\/span><\/a><\/p>\n","protected":false},"author":1,"featured_media":0,"parent":0,"menu_order":0,"comment_status":"closed","ping_status":"closed","template":"","meta":{"footnotes":""},"class_list":["post-15","page","type-page","status-publish","hentry"],"_links":{"self":[{"href":"https:\/\/alexandrasbienenwelt.de\/index.php?rest_route=\/wp\/v2\/pages\/15","targetHints":{"allow":["GET"]}}],"collection":[{"href":"https:\/\/alexandrasbienenwelt.de\/index.php?rest_route=\/wp\/v2\/pages"}],"about":[{"href":"https:\/\/alexandrasbienenwelt.de\/index.php?rest_route=\/wp\/v2\/types\/page"}],"author":[{"embeddable":true,"href":"https:\/\/alexandrasbienenwelt.de\/index.php?rest_route=\/wp\/v2\/users\/1"}],"replies":[{"embeddable":true,"href":"https:\/\/alexandrasbienenwelt.de\/index.php?rest_route=%2Fwp%2Fv2%2Fcomments&post=15"}],"version-history":[{"count":18,"href":"https:\/\/alexandrasbienenwelt.de\/index.php?rest_route=\/wp\/v2\/pages\/15\/revisions"}],"predecessor-version":[{"id":1205,"href":"https:\/\/alexandrasbienenwelt.de\/index.php?rest_route=\/wp\/v2\/pages\/15\/revisions\/1205"}],"wp:attachment":[{"href":"https:\/\/alexandrasbienenwelt.de\/index.php?rest_route=%2Fwp%2Fv2%2Fmedia&parent=15"}],"curies":[{"name":"wp","href":"https:\/\/api.w.org\/{rel}","templated":true}]}}