{"id":113,"date":"2016-08-12T09:29:09","date_gmt":"2016-08-12T09:29:09","guid":{"rendered":"http:\/\/alexandrasbienenwelt.de\/?page_id=113"},"modified":"2026-02-17T10:21:49","modified_gmt":"2026-02-17T10:21:49","slug":"bienenprodukte-erwerben","status":"publish","type":"page","link":"https:\/\/alexandrasbienenwelt.de\/?page_id=113","title":{"rendered":"Bienenprodukte"},"content":{"rendered":"<div class=\"wp-block-image is-resized\">\n<figure class=\"alignleft size-medium\"><a href=\"https:\/\/alexandrasbienenwelt.de\/wp-admin\/post.php?post=598&amp;action=edit\"><img loading=\"lazy\" decoding=\"async\" width=\"300\" height=\"138\" src=\"https:\/\/alexandrasbienenwelt.de\/wp-content\/uploads\/2020\/08\/Demeter_RGB-300x138.jpg\" alt=\"\" class=\"wp-image-1117\" srcset=\"https:\/\/alexandrasbienenwelt.de\/wp-content\/uploads\/2020\/08\/Demeter_RGB-300x138.jpg 300w, https:\/\/alexandrasbienenwelt.de\/wp-content\/uploads\/2020\/08\/Demeter_RGB-644x297.jpg 644w, https:\/\/alexandrasbienenwelt.de\/wp-content\/uploads\/2020\/08\/Demeter_RGB-768x354.jpg 768w, https:\/\/alexandrasbienenwelt.de\/wp-content\/uploads\/2020\/08\/Demeter_RGB.jpg 827w\" sizes=\"auto, (max-width: 300px) 100vw, 300px\" \/><\/a><\/figure>\n<\/div>\n\n\n<p class=\"has-small-font-size\"><a href=\"https:\/\/alexandrasbienenwelt.de\/wp-admin\/post.php?post=598&amp;action=edit\">Die Bienenhaltung in ALEXANDRAs BIENENWELT ist zertifiziert nach den Standards des Demeter-Verbands und wird kontrolliert durch DE-\u00d6KO-037. <\/a><\/p>\n\n\n<div class=\"wp-block-image is-resized\">\n<figure class=\"alignright size-large\"><img loading=\"lazy\" decoding=\"async\" width=\"644\" height=\"644\" src=\"https:\/\/alexandrasbienenwelt.de\/wp-content\/uploads\/2024\/04\/IMG_20231104_211453-644x644.jpg\" alt=\"\" class=\"wp-image-1384\" srcset=\"https:\/\/alexandrasbienenwelt.de\/wp-content\/uploads\/2024\/04\/IMG_20231104_211453-644x644.jpg 644w, https:\/\/alexandrasbienenwelt.de\/wp-content\/uploads\/2024\/04\/IMG_20231104_211453-300x300.jpg 300w, https:\/\/alexandrasbienenwelt.de\/wp-content\/uploads\/2024\/04\/IMG_20231104_211453-150x150.jpg 150w, https:\/\/alexandrasbienenwelt.de\/wp-content\/uploads\/2024\/04\/IMG_20231104_211453-768x768.jpg 768w, https:\/\/alexandrasbienenwelt.de\/wp-content\/uploads\/2024\/04\/IMG_20231104_211453-1536x1536.jpg 1536w, https:\/\/alexandrasbienenwelt.de\/wp-content\/uploads\/2024\/04\/IMG_20231104_211453-2048x2048.jpg 2048w\" sizes=\"auto, (max-width: 644px) 100vw, 644px\" \/><\/figure>\n<\/div>\n\n\n<p><\/p>\n\n\n\n<p><\/p>\n\n\n\n<p><br><\/p>\n\n\n\n<p><\/p>\n\n\n\n<p><\/p>\n\n\n\n<p><\/p>\n\n\n\n<p><\/p>\n\n\n\n<p><\/p>\n\n\n\n<p><\/p>\n\n\n\n<p><strong>Honig aus der Fr\u00fchlingsbl\u00fcte<\/strong><br>250g-Glas &#8211; 7,50 Euro &#8211; bereits ausverkauft<br>500g-Glas &#8211; 10,50 Euro &#8211; bereits ausverkauft<\/p>\n\n\n\n<p><strong>Honig aus der Sommerbl\u00fcte<\/strong><br>250g-Glas &#8211; 7,50 Euro &#8211; bereits ausverkauft<br>500g-Glas &#8211; 10,50 Euro &#8211; bereits ausverkauft<\/p>\n\n\n\n<p><strong>Honig aus der <\/strong><br><strong>Sommerbl\u00fcte mit Waldtracht<\/strong> &#8211; ausverkauft<\/p>\n\n\n\n<figure class=\"wp-block-image\"><img loading=\"lazy\" decoding=\"async\" width=\"644\" height=\"644\" src=\"https:\/\/alexandrasbienenwelt.de\/wp-content\/uploads\/2025\/11\/1763918856569-644x644.jpg\" alt=\"Teelichter aus dem Wachs von den Bienen aus ALEXANDRAs BIENENWELT\" class=\"wp-image-1440\" srcset=\"https:\/\/alexandrasbienenwelt.de\/wp-content\/uploads\/2025\/11\/1763918856569-644x644.jpg 644w, https:\/\/alexandrasbienenwelt.de\/wp-content\/uploads\/2025\/11\/1763918856569-300x300.jpg 300w, https:\/\/alexandrasbienenwelt.de\/wp-content\/uploads\/2025\/11\/1763918856569-150x150.jpg 150w, https:\/\/alexandrasbienenwelt.de\/wp-content\/uploads\/2025\/11\/1763918856569-768x768.jpg 768w, https:\/\/alexandrasbienenwelt.de\/wp-content\/uploads\/2025\/11\/1763918856569-1536x1536.jpg 1536w, https:\/\/alexandrasbienenwelt.de\/wp-content\/uploads\/2025\/11\/1763918856569-2048x2048.jpg 2048w\" sizes=\"auto, (max-width: 644px) 100vw, 644px\" \/><\/figure>\n\n\n\n<p><strong>Teelichter<br><\/strong>Teelicht einzeln &#8211; 2 Euro<br>1 Teelicht einzeln mit Glas &#8211; 2,50 Euro <br>1 Teelicht in der Glaskugel &#8211; 12,50 Euro<\/p>\n\n\n\n<p><strong>Bienenwachs<br><\/strong>&nbsp;&nbsp; 50g &#8211; 5 Euro<br>250 g &#8211; 23 Euro<br>500 g &#8211; 33 Euro<br>1000 g &#8211; 55 Euro<\/p>\n\n\n\n<figure class=\"wp-block-gallery has-nested-images columns-default is-cropped wp-block-gallery-1 is-layout-flex wp-block-gallery-is-layout-flex\">\n<figure class=\"wp-block-image size-large\"><img loading=\"lazy\" decoding=\"async\" width=\"644\" height=\"644\" data-id=\"1437\" src=\"https:\/\/alexandrasbienenwelt.de\/wp-content\/uploads\/2025\/11\/1763918856607-644x644.jpg\" alt=\"Wachs-Leuchter\" class=\"wp-image-1437\" srcset=\"https:\/\/alexandrasbienenwelt.de\/wp-content\/uploads\/2025\/11\/1763918856607-644x644.jpg 644w, https:\/\/alexandrasbienenwelt.de\/wp-content\/uploads\/2025\/11\/1763918856607-300x300.jpg 300w, https:\/\/alexandrasbienenwelt.de\/wp-content\/uploads\/2025\/11\/1763918856607-150x150.jpg 150w, https:\/\/alexandrasbienenwelt.de\/wp-content\/uploads\/2025\/11\/1763918856607-768x768.jpg 768w, https:\/\/alexandrasbienenwelt.de\/wp-content\/uploads\/2025\/11\/1763918856607-1536x1536.jpg 1536w, https:\/\/alexandrasbienenwelt.de\/wp-content\/uploads\/2025\/11\/1763918856607-2048x2048.jpg 2048w\" sizes=\"auto, (max-width: 644px) 100vw, 644px\" \/><figcaption class=\"wp-element-caption\">mit Wachs von den Bienen aus ALEXANDRAs BIENENWELT<\/figcaption><\/figure>\n\n\n\n<figure class=\"wp-block-image size-large\"><img loading=\"lazy\" decoding=\"async\" width=\"644\" height=\"644\" data-id=\"1439\" src=\"https:\/\/alexandrasbienenwelt.de\/wp-content\/uploads\/2025\/11\/1763918856548-644x644.jpg\" alt=\"\" class=\"wp-image-1439\" srcset=\"https:\/\/alexandrasbienenwelt.de\/wp-content\/uploads\/2025\/11\/1763918856548-644x644.jpg 644w, https:\/\/alexandrasbienenwelt.de\/wp-content\/uploads\/2025\/11\/1763918856548-300x300.jpg 300w, https:\/\/alexandrasbienenwelt.de\/wp-content\/uploads\/2025\/11\/1763918856548-150x150.jpg 150w, https:\/\/alexandrasbienenwelt.de\/wp-content\/uploads\/2025\/11\/1763918856548-768x768.jpg 768w, https:\/\/alexandrasbienenwelt.de\/wp-content\/uploads\/2025\/11\/1763918856548-1536x1536.jpg 1536w, https:\/\/alexandrasbienenwelt.de\/wp-content\/uploads\/2025\/11\/1763918856548-2048x2048.jpg 2048w\" sizes=\"auto, (max-width: 644px) 100vw, 644px\" \/><\/figure>\n<\/figure>\n\n\n\n<p><strong>Wachs-Leuchter f\u00fcr LED-Teelichter<\/strong><br>neutral &#8211; 11 Euro &#8211; bereits ausverkauft<br>gestreift &#8211; 11 Euro &#8211; bereits ausverkauft<br>Rautenmuster &#8211; 11 Euro &#8211; bereits ausverkauft<br>mit Herzen &#8211; 14 Euro &#8211; bereits ausverkauft<br><\/p>\n\n\n\n<p><strong>Propolis<\/strong><br>auf Anfrage<br><\/p>\n\n\n\n<p><strong>Bitte melden Sie sich unter <br><\/strong><a href=\"mailto:info@alexandrasbienenwelt.de\"><strong>info (at) alexandrasbienenwelt.de<\/strong><\/a><strong> <br>f\u00fcr Bestellungen <br>oder auch unter 0151 \/ 155 88 462<\/strong><\/p>\n\n\n\n<p><br><strong>Honig aus ALEXANDRAs BIENENWELT gibt es auch bei:<\/strong> <\/p>\n\n\n\n<p>Hollerbusch Naturwaren &#8211; Luitpoldplatz 16, 95444 Bayreuth<br>Sana e Salva &#8211; Oberwaiz<br>Hamsterbacke &#8211; Bayreuth<br>Solawi Biohof Minier &#8211; Untersteinach\/Weidenberg<br>Caf\u00e9 Freudenherz &#8211; Bayreuth, Sophienstra\u00dfe<br>Radies und Das &#8211; Bayreuth<br>Solawi Die Freig\u00e4rtner &#8211; Bayreuth\/Eckersdorf<br><\/p>\n\n\n\n<p><\/p>\n","protected":false},"excerpt":{"rendered":"<p>Die Bienenhaltung in ALEXANDRAs BIENENWELT ist zertifiziert nach den Standards des Demeter-Verbands und wird kontrolliert durch DE-\u00d6KO-037. Honig aus der Fr\u00fchlingsbl\u00fcte250g-Glas &#8211; 7,50 Euro &#8211; bereits ausverkauft500g-Glas &#8211; 10,50 Euro &#8211; bereits ausverkauft Honig aus der Sommerbl\u00fcte250g-Glas &#8211; 7,50 Euro &hellip; <a href=\"https:\/\/alexandrasbienenwelt.de\/?page_id=113\">Weiterlesen <span class=\"meta-nav\">&rarr;<\/span><\/a><\/p>\n","protected":false},"author":1,"featured_media":0,"parent":0,"menu_order":0,"comment_status":"closed","ping_status":"closed","template":"","meta":{"footnotes":""},"class_list":["post-113","page","type-page","status-publish","hentry"],"_links":{"self":[{"href":"https:\/\/alexandrasbienenwelt.de\/index.php?rest_route=\/wp\/v2\/pages\/113","targetHints":{"allow":["GET"]}}],"collection":[{"href":"https:\/\/alexandrasbienenwelt.de\/index.php?rest_route=\/wp\/v2\/pages"}],"about":[{"href":"https:\/\/alexandrasbienenwelt.de\/index.php?rest_route=\/wp\/v2\/types\/page"}],"author":[{"embeddable":true,"href":"https:\/\/alexandrasbienenwelt.de\/index.php?rest_route=\/wp\/v2\/users\/1"}],"replies":[{"embeddable":true,"href":"https:\/\/alexandrasbienenwelt.de\/index.php?rest_route=%2Fwp%2Fv2%2Fcomments&post=113"}],"version-history":[{"count":44,"href":"https:\/\/alexandrasbienenwelt.de\/index.php?rest_route=\/wp\/v2\/pages\/113\/revisions"}],"predecessor-version":[{"id":1460,"href":"https:\/\/alexandrasbienenwelt.de\/index.php?rest_route=\/wp\/v2\/pages\/113\/revisions\/1460"}],"wp:attachment":[{"href":"https:\/\/alexandrasbienenwelt.de\/index.php?rest_route=%2Fwp%2Fv2%2Fmedia&parent=113"}],"curies":[{"name":"wp","href":"https:\/\/api.w.org\/{rel}","templated":true}]}}